{"id":311,"date":"2020-12-13T09:39:11","date_gmt":"2020-12-13T08:39:11","guid":{"rendered":"https:\/\/www.genealogiapopek.pl\/?page_id=311"},"modified":"2025-12-21T12:27:59","modified_gmt":"2025-12-21T11:27:59","slug":"o-mnie","status":"publish","type":"page","link":"https:\/\/www.genealogiapopek.pl\/index.php\/o-mnie\/","title":{"rendered":"O mnie"},"content":{"rendered":"\n<div class=\"wp-block-group\"><div class=\"wp-block-group__inner-container is-layout-constrained wp-block-group-is-layout-constrained\">\n<div class=\"wp-block-columns is-layout-flex wp-container-core-columns-is-layout-9d6595d7 wp-block-columns-is-layout-flex\">\n<div class=\"wp-block-column is-layout-flow wp-block-column-is-layout-flow\" style=\"flex-basis:100%\"><\/div>\n<\/div>\n<\/div><\/div>\n\n\n<div class=\"wp-block-image\">\n<figure class=\"alignleft size-full is-resized\"><img loading=\"lazy\" decoding=\"async\" width=\"920\" height=\"920\" src=\"https:\/\/www.genealogiapopek.pl\/wp-content\/uploads\/2020\/12\/109277712_10217381352382624_647181838107020762_n.jpg\" alt=\"\" class=\"wp-image-313\" style=\"width:306px;height:auto\" srcset=\"https:\/\/www.genealogiapopek.pl\/wp-content\/uploads\/2020\/12\/109277712_10217381352382624_647181838107020762_n.jpg 920w, https:\/\/www.genealogiapopek.pl\/wp-content\/uploads\/2020\/12\/109277712_10217381352382624_647181838107020762_n-300x300.jpg 300w, https:\/\/www.genealogiapopek.pl\/wp-content\/uploads\/2020\/12\/109277712_10217381352382624_647181838107020762_n-150x150.jpg 150w, https:\/\/www.genealogiapopek.pl\/wp-content\/uploads\/2020\/12\/109277712_10217381352382624_647181838107020762_n-768x768.jpg 768w\" sizes=\"auto, (max-width: 920px) 100vw, 920px\" \/><\/figure>\n<\/div>\n\n\n<p>Nazywam si\u0119 Przemys\u0142aw Popek, histori\u0105 rodu Popek oraz rodzin skoligaconych, zajmuje si\u0119 od wielu lat. Poszukiwania przodk\u00f3w rozpocz\u0105\u0142em w 2007 roku wraz z moim tat\u0105 Stanis\u0142awem i tak z r\u00f3\u017cnymi przerwami trwam w tym do dzi\u015b. Jedn\u0105 z inspiracji, a jednocze\u015bnie katalizatorem do rozpocz\u0119cia w\u0142asnych poszukiwa\u0144 by\u0142 popularnych w\u00f3wczas program telewizyjny \u201eSekrety rodzinne\u201d prowadzony przez Tomasza Kammela, emitowany na antenie TVP1 w latach 2006-2007, oparty na brytyjskim formacie \u201eWho Do You Think You Are?\u201d na licencji BBC. Program pr\u00f3by czasu nie przetrwa\u0142, ale w wielu osobach zaszczepi\u0142 ciekawo\u015b\u0107 do w\u0142asnej historii. Jeszcze w tym samym roku wyruszyli\u015bmy w nieznane, czyli na ziemie przodk\u00f3w, do Dzia\u0142oszyc, gdzie uda\u0142o si\u0119 nawi\u0105za\u0107 wiele ciekawych kontakt\u00f3w, us\u0142ysze\u0107 inspiruj\u0105ce historie, ale przede wszystkich pozna\u0107 miejsce, w kt\u00f3rym \u017cyli przez przynajmniej ostatnie 400 lat cz\u0142onkowie naszego rodu.<\/p>\n\n\n\n<p>Dzi\u015b na co dzie\u0144 mieszkam w podwarszawskim Legionowie, mam 34 lata. Zawodowo prowadz\u0119 w\u0142asn\u0105 firm\u0119, agencj\u0119 PRowo-marketingow\u0105, a prywatnie jestem \u017conaty, \u017cona Diana, mam dw\u00f3ch syn\u00f3w 10-letniego Kacpra i 6-letniego B\u0142a\u017ceja.<\/p>\n","protected":false},"excerpt":{"rendered":"<p>Nazywam si\u0119 Przemys\u0142aw Popek, histori\u0105 rodu Popek oraz rodzin skoligaconych, zajmuje si\u0119 od wielu lat. Poszukiwania przodk\u00f3w rozpocz\u0105\u0142em w 2007 roku wraz z moim tat\u0105 Stanis\u0142awem i tak z r\u00f3\u017cnymi przerwami trwam w tym do dzi\u015b. Jedn\u0105 z inspiracji, a jednocze\u015bnie katalizatorem do rozpocz\u0119cia w\u0142asnych poszukiwa\u0144 by\u0142 popularnych w\u00f3wczas program telewizyjny \u201eSekrety rodzinne\u201d prowadzony przez [&hellip;]<\/p>\n","protected":false},"author":1,"featured_media":0,"parent":0,"menu_order":0,"comment_status":"closed","ping_status":"closed","template":"","meta":{"_monsterinsights_skip_tracking":false,"_monsterinsights_sitenote_active":false,"_monsterinsights_sitenote_note":"","_monsterinsights_sitenote_category":0,"_uf_show_specific_survey":0,"_uf_disable_surveys":false,"ngg_post_thumbnail":0,"footnotes":""},"class_list":["post-311","page","type-page","status-publish","hentry"],"aioseo_notices":[],"yoast_head":"<!-- This site is optimized with the Yoast SEO plugin v27.5 - https:\/\/yoast.com\/product\/yoast-seo-wordpress\/ -->\n<title>O mnie - Genealogia Popek<\/title>\n<meta name=\"robots\" content=\"index, follow, max-snippet:-1, max-image-preview:large, max-video-preview:-1\" \/>\n<link rel=\"canonical\" href=\"https:\/\/www.genealogiapopek.pl\/index.php\/o-mnie\/\" \/>\n<meta property=\"og:locale\" content=\"pl_PL\" \/>\n<meta property=\"og:type\" content=\"article\" \/>\n<meta property=\"og:title\" content=\"O mnie - Genealogia Popek\" \/>\n<meta property=\"og:description\" content=\"Nazywam si\u0119 Przemys\u0142aw Popek, histori\u0105 rodu Popek oraz rodzin skoligaconych, zajmuje si\u0119 od wielu lat. Poszukiwania przodk\u00f3w rozpocz\u0105\u0142em w 2007 roku wraz z moim tat\u0105 Stanis\u0142awem i tak z r\u00f3\u017cnymi przerwami trwam w tym do dzi\u015b. Jedn\u0105 z inspiracji, a jednocze\u015bnie katalizatorem do rozpocz\u0119cia w\u0142asnych poszukiwa\u0144 by\u0142 popularnych w\u00f3wczas program telewizyjny \u201eSekrety rodzinne\u201d prowadzony przez [&hellip;]\" \/>\n<meta property=\"og:url\" content=\"https:\/\/www.genealogiapopek.pl\/index.php\/o-mnie\/\" \/>\n<meta property=\"og:site_name\" content=\"Genealogia Popek\" \/>\n<meta property=\"article:modified_time\" content=\"2025-12-21T11:27:59+00:00\" \/>\n<meta property=\"og:image\" content=\"https:\/\/www.genealogiapopek.pl\/wp-content\/uploads\/2020\/12\/109277712_10217381352382624_647181838107020762_n.jpg\" \/>\n\t<meta property=\"og:image:width\" content=\"920\" \/>\n\t<meta property=\"og:image:height\" content=\"920\" \/>\n\t<meta property=\"og:image:type\" content=\"image\/jpeg\" \/>\n<meta name=\"twitter:card\" content=\"summary_large_image\" \/>\n<meta name=\"twitter:label1\" content=\"Szacowany czas czytania\" \/>\n\t<meta name=\"twitter:data1\" content=\"1 minuta\" \/>\n<script type=\"application\/ld+json\" class=\"yoast-schema-graph\">{\"@context\":\"https:\\\/\\\/schema.org\",\"@graph\":[{\"@type\":\"WebPage\",\"@id\":\"https:\\\/\\\/www.genealogiapopek.pl\\\/index.php\\\/o-mnie\\\/\",\"url\":\"https:\\\/\\\/www.genealogiapopek.pl\\\/index.php\\\/o-mnie\\\/\",\"name\":\"O mnie - Genealogia Popek\",\"isPartOf\":{\"@id\":\"https:\\\/\\\/www.genealogiapopek.pl\\\/#website\"},\"primaryImageOfPage\":{\"@id\":\"https:\\\/\\\/www.genealogiapopek.pl\\\/index.php\\\/o-mnie\\\/#primaryimage\"},\"image\":{\"@id\":\"https:\\\/\\\/www.genealogiapopek.pl\\\/index.php\\\/o-mnie\\\/#primaryimage\"},\"thumbnailUrl\":\"https:\\\/\\\/www.genealogiapopek.pl\\\/wp-content\\\/uploads\\\/2020\\\/12\\\/109277712_10217381352382624_647181838107020762_n.jpg\",\"datePublished\":\"2020-12-13T08:39:11+00:00\",\"dateModified\":\"2025-12-21T11:27:59+00:00\",\"breadcrumb\":{\"@id\":\"https:\\\/\\\/www.genealogiapopek.pl\\\/index.php\\\/o-mnie\\\/#breadcrumb\"},\"inLanguage\":\"pl-PL\",\"potentialAction\":[{\"@type\":\"ReadAction\",\"target\":[\"https:\\\/\\\/www.genealogiapopek.pl\\\/index.php\\\/o-mnie\\\/\"]}]},{\"@type\":\"ImageObject\",\"inLanguage\":\"pl-PL\",\"@id\":\"https:\\\/\\\/www.genealogiapopek.pl\\\/index.php\\\/o-mnie\\\/#primaryimage\",\"url\":\"https:\\\/\\\/www.genealogiapopek.pl\\\/wp-content\\\/uploads\\\/2020\\\/12\\\/109277712_10217381352382624_647181838107020762_n.jpg\",\"contentUrl\":\"https:\\\/\\\/www.genealogiapopek.pl\\\/wp-content\\\/uploads\\\/2020\\\/12\\\/109277712_10217381352382624_647181838107020762_n.jpg\",\"width\":920,\"height\":920},{\"@type\":\"BreadcrumbList\",\"@id\":\"https:\\\/\\\/www.genealogiapopek.pl\\\/index.php\\\/o-mnie\\\/#breadcrumb\",\"itemListElement\":[{\"@type\":\"ListItem\",\"position\":1,\"name\":\"Strona g\u0142\u00f3wna\",\"item\":\"https:\\\/\\\/www.genealogiapopek.pl\\\/\"},{\"@type\":\"ListItem\",\"position\":2,\"name\":\"O mnie\"}]},{\"@type\":\"WebSite\",\"@id\":\"https:\\\/\\\/www.genealogiapopek.pl\\\/#website\",\"url\":\"https:\\\/\\\/www.genealogiapopek.pl\\\/\",\"name\":\"Genealogia Popek\",\"description\":\"&quot;Przestajemy istnie\u0107 kiedy popadamy w zapomnienie.&quot;\",\"publisher\":{\"@id\":\"https:\\\/\\\/www.genealogiapopek.pl\\\/#organization\"},\"potentialAction\":[{\"@type\":\"SearchAction\",\"target\":{\"@type\":\"EntryPoint\",\"urlTemplate\":\"https:\\\/\\\/www.genealogiapopek.pl\\\/?s={search_term_string}\"},\"query-input\":{\"@type\":\"PropertyValueSpecification\",\"valueRequired\":true,\"valueName\":\"search_term_string\"}}],\"inLanguage\":\"pl-PL\"},{\"@type\":\"Organization\",\"@id\":\"https:\\\/\\\/www.genealogiapopek.pl\\\/#organization\",\"name\":\"Genealogia Popek\",\"url\":\"https:\\\/\\\/www.genealogiapopek.pl\\\/\",\"logo\":{\"@type\":\"ImageObject\",\"inLanguage\":\"pl-PL\",\"@id\":\"https:\\\/\\\/www.genealogiapopek.pl\\\/#\\\/schema\\\/logo\\\/image\\\/\",\"url\":\"https:\\\/\\\/www.genealogiapopek.pl\\\/wp-content\\\/uploads\\\/2025\\\/12\\\/logo-prostokat-www.jpg\",\"contentUrl\":\"https:\\\/\\\/www.genealogiapopek.pl\\\/wp-content\\\/uploads\\\/2025\\\/12\\\/logo-prostokat-www.jpg\",\"width\":1095,\"height\":491,\"caption\":\"Genealogia Popek\"},\"image\":{\"@id\":\"https:\\\/\\\/www.genealogiapopek.pl\\\/#\\\/schema\\\/logo\\\/image\\\/\"}}]}<\/script>\n<!-- \/ Yoast SEO plugin. -->","yoast_head_json":{"title":"O mnie - Genealogia Popek","robots":{"index":"index","follow":"follow","max-snippet":"max-snippet:-1","max-image-preview":"max-image-preview:large","max-video-preview":"max-video-preview:-1"},"canonical":"https:\/\/www.genealogiapopek.pl\/index.php\/o-mnie\/","og_locale":"pl_PL","og_type":"article","og_title":"O mnie - Genealogia Popek","og_description":"Nazywam si\u0119 Przemys\u0142aw Popek, histori\u0105 rodu Popek oraz rodzin skoligaconych, zajmuje si\u0119 od wielu lat. Poszukiwania przodk\u00f3w rozpocz\u0105\u0142em w 2007 roku wraz z moim tat\u0105 Stanis\u0142awem i tak z r\u00f3\u017cnymi przerwami trwam w tym do dzi\u015b. Jedn\u0105 z inspiracji, a jednocze\u015bnie katalizatorem do rozpocz\u0119cia w\u0142asnych poszukiwa\u0144 by\u0142 popularnych w\u00f3wczas program telewizyjny \u201eSekrety rodzinne\u201d prowadzony przez [&hellip;]","og_url":"https:\/\/www.genealogiapopek.pl\/index.php\/o-mnie\/","og_site_name":"Genealogia Popek","article_modified_time":"2025-12-21T11:27:59+00:00","og_image":[{"width":920,"height":920,"url":"https:\/\/www.genealogiapopek.pl\/wp-content\/uploads\/2020\/12\/109277712_10217381352382624_647181838107020762_n.jpg","type":"image\/jpeg"}],"twitter_card":"summary_large_image","twitter_misc":{"Szacowany czas czytania":"1 minuta"},"schema":{"@context":"https:\/\/schema.org","@graph":[{"@type":"WebPage","@id":"https:\/\/www.genealogiapopek.pl\/index.php\/o-mnie\/","url":"https:\/\/www.genealogiapopek.pl\/index.php\/o-mnie\/","name":"O mnie - Genealogia Popek","isPartOf":{"@id":"https:\/\/www.genealogiapopek.pl\/#website"},"primaryImageOfPage":{"@id":"https:\/\/www.genealogiapopek.pl\/index.php\/o-mnie\/#primaryimage"},"image":{"@id":"https:\/\/www.genealogiapopek.pl\/index.php\/o-mnie\/#primaryimage"},"thumbnailUrl":"https:\/\/www.genealogiapopek.pl\/wp-content\/uploads\/2020\/12\/109277712_10217381352382624_647181838107020762_n.jpg","datePublished":"2020-12-13T08:39:11+00:00","dateModified":"2025-12-21T11:27:59+00:00","breadcrumb":{"@id":"https:\/\/www.genealogiapopek.pl\/index.php\/o-mnie\/#breadcrumb"},"inLanguage":"pl-PL","potentialAction":[{"@type":"ReadAction","target":["https:\/\/www.genealogiapopek.pl\/index.php\/o-mnie\/"]}]},{"@type":"ImageObject","inLanguage":"pl-PL","@id":"https:\/\/www.genealogiapopek.pl\/index.php\/o-mnie\/#primaryimage","url":"https:\/\/www.genealogiapopek.pl\/wp-content\/uploads\/2020\/12\/109277712_10217381352382624_647181838107020762_n.jpg","contentUrl":"https:\/\/www.genealogiapopek.pl\/wp-content\/uploads\/2020\/12\/109277712_10217381352382624_647181838107020762_n.jpg","width":920,"height":920},{"@type":"BreadcrumbList","@id":"https:\/\/www.genealogiapopek.pl\/index.php\/o-mnie\/#breadcrumb","itemListElement":[{"@type":"ListItem","position":1,"name":"Strona g\u0142\u00f3wna","item":"https:\/\/www.genealogiapopek.pl\/"},{"@type":"ListItem","position":2,"name":"O mnie"}]},{"@type":"WebSite","@id":"https:\/\/www.genealogiapopek.pl\/#website","url":"https:\/\/www.genealogiapopek.pl\/","name":"Genealogia Popek","description":"&quot;Przestajemy istnie\u0107 kiedy popadamy w zapomnienie.&quot;","publisher":{"@id":"https:\/\/www.genealogiapopek.pl\/#organization"},"potentialAction":[{"@type":"SearchAction","target":{"@type":"EntryPoint","urlTemplate":"https:\/\/www.genealogiapopek.pl\/?s={search_term_string}"},"query-input":{"@type":"PropertyValueSpecification","valueRequired":true,"valueName":"search_term_string"}}],"inLanguage":"pl-PL"},{"@type":"Organization","@id":"https:\/\/www.genealogiapopek.pl\/#organization","name":"Genealogia Popek","url":"https:\/\/www.genealogiapopek.pl\/","logo":{"@type":"ImageObject","inLanguage":"pl-PL","@id":"https:\/\/www.genealogiapopek.pl\/#\/schema\/logo\/image\/","url":"https:\/\/www.genealogiapopek.pl\/wp-content\/uploads\/2025\/12\/logo-prostokat-www.jpg","contentUrl":"https:\/\/www.genealogiapopek.pl\/wp-content\/uploads\/2025\/12\/logo-prostokat-www.jpg","width":1095,"height":491,"caption":"Genealogia Popek"},"image":{"@id":"https:\/\/www.genealogiapopek.pl\/#\/schema\/logo\/image\/"}}]}},"_links":{"self":[{"href":"https:\/\/www.genealogiapopek.pl\/index.php\/wp-json\/wp\/v2\/pages\/311","targetHints":{"allow":["GET"]}}],"collection":[{"href":"https:\/\/www.genealogiapopek.pl\/index.php\/wp-json\/wp\/v2\/pages"}],"about":[{"href":"https:\/\/www.genealogiapopek.pl\/index.php\/wp-json\/wp\/v2\/types\/page"}],"author":[{"embeddable":true,"href":"https:\/\/www.genealogiapopek.pl\/index.php\/wp-json\/wp\/v2\/users\/1"}],"replies":[{"embeddable":true,"href":"https:\/\/www.genealogiapopek.pl\/index.php\/wp-json\/wp\/v2\/comments?post=311"}],"version-history":[{"count":6,"href":"https:\/\/www.genealogiapopek.pl\/index.php\/wp-json\/wp\/v2\/pages\/311\/revisions"}],"predecessor-version":[{"id":460,"href":"https:\/\/www.genealogiapopek.pl\/index.php\/wp-json\/wp\/v2\/pages\/311\/revisions\/460"}],"wp:attachment":[{"href":"https:\/\/www.genealogiapopek.pl\/index.php\/wp-json\/wp\/v2\/media?parent=311"}],"curies":[{"name":"wp","href":"https:\/\/api.w.org\/{rel}","templated":true}]}}