{"id":72,"date":"2020-08-26T17:30:27","date_gmt":"2020-08-26T17:30:27","guid":{"rendered":"https:\/\/www.genealogiapopek.pl\/?page_id=72"},"modified":"2020-12-06T19:20:49","modified_gmt":"2020-12-06T19:20:49","slug":"nazwisko","status":"publish","type":"page","link":"https:\/\/www.genealogiapopek.pl\/index.php\/nazwisko\/","title":{"rendered":"Nazwisko"},"content":{"rendered":"\n<div class=\"wp-block-media-text alignwide has-media-on-the-right is-stacked-on-mobile\" style=\"grid-template-columns:auto 38%\"><figure class=\"wp-block-media-text__media\"><img loading=\"lazy\" decoding=\"async\" width=\"512\" height=\"512\" src=\"https:\/\/www.genealogiapopek.pl\/wp-content\/uploads\/2020\/08\/16686.png\" alt=\"\" class=\"wp-image-73\" srcset=\"https:\/\/www.genealogiapopek.pl\/wp-content\/uploads\/2020\/08\/16686.png 512w, https:\/\/www.genealogiapopek.pl\/wp-content\/uploads\/2020\/08\/16686-300x300.png 300w, https:\/\/www.genealogiapopek.pl\/wp-content\/uploads\/2020\/08\/16686-150x150.png 150w\" sizes=\"auto, (max-width: 512px) 100vw, 512px\" \/><\/figure><div class=\"wp-block-media-text__content\">\n<div class=\"wp-block-group\"><div class=\"wp-block-group__inner-container is-layout-flow wp-block-group-is-layout-flow\">\n<p>POPEK \u2013 \u017ar\u00f3d\u0142a podaj\u0105, \u017ce nazwisko to pojawi\u0142o si\u0119 ju\u017c w roku 1416. Jak nietrudno zauwa\u017cy\u0107 nazwisko kojarzy si\u0119 z polskim s\u0142owem pop, co oznacza duchownego Ko\u015bcio\u0142a wschodniego, dawniej w ten spos\u00f3b nazywano tak\u017ce ksi\u0119\u017cy rzymskokatolickich.<\/p>\n\n\n\n<p>Wed\u0142ug danych Ministerstwa Cyfryzacji z dnia 22 stycznia 2020 roku, nazwisko Popek nosi w Polsce \u0142\u0105cznie 4099 os\u00f3b, odpowiednio 2007 kobiet i 2092 m\u0119\u017cczyzn.<\/p>\n<\/div><\/div>\n<\/div><\/div>\n","protected":false},"excerpt":{"rendered":"","protected":false},"author":1,"featured_media":0,"parent":0,"menu_order":0,"comment_status":"closed","ping_status":"closed","template":"","meta":{"_monsterinsights_skip_tracking":false,"_monsterinsights_sitenote_active":false,"_monsterinsights_sitenote_note":"","_monsterinsights_sitenote_category":0,"_uf_show_specific_survey":0,"_uf_disable_surveys":false,"ngg_post_thumbnail":0,"footnotes":""},"class_list":["post-72","page","type-page","status-publish","hentry"],"aioseo_notices":[],"yoast_head":"<!-- This site is optimized with the Yoast SEO plugin v27.5 - https:\/\/yoast.com\/product\/yoast-seo-wordpress\/ -->\n<title>Nazwisko - Genealogia Popek<\/title>\n<meta name=\"robots\" content=\"index, follow, max-snippet:-1, max-image-preview:large, max-video-preview:-1\" \/>\n<link rel=\"canonical\" href=\"https:\/\/www.genealogiapopek.pl\/index.php\/nazwisko\/\" \/>\n<meta property=\"og:locale\" content=\"pl_PL\" \/>\n<meta property=\"og:type\" content=\"article\" \/>\n<meta property=\"og:title\" content=\"Nazwisko - Genealogia Popek\" \/>\n<meta property=\"og:url\" content=\"https:\/\/www.genealogiapopek.pl\/index.php\/nazwisko\/\" \/>\n<meta property=\"og:site_name\" content=\"Genealogia Popek\" \/>\n<meta property=\"article:modified_time\" content=\"2020-12-06T19:20:49+00:00\" \/>\n<meta property=\"og:image\" content=\"https:\/\/www.genealogiapopek.pl\/wp-content\/uploads\/2020\/08\/16686.png\" \/>\n\t<meta property=\"og:image:width\" content=\"512\" \/>\n\t<meta property=\"og:image:height\" content=\"512\" \/>\n\t<meta property=\"og:image:type\" content=\"image\/png\" \/>\n<meta name=\"twitter:card\" content=\"summary_large_image\" \/>\n<script type=\"application\/ld+json\" class=\"yoast-schema-graph\">{\"@context\":\"https:\\\/\\\/schema.org\",\"@graph\":[{\"@type\":\"WebPage\",\"@id\":\"https:\\\/\\\/www.genealogiapopek.pl\\\/index.php\\\/nazwisko\\\/\",\"url\":\"https:\\\/\\\/www.genealogiapopek.pl\\\/index.php\\\/nazwisko\\\/\",\"name\":\"Nazwisko - Genealogia Popek\",\"isPartOf\":{\"@id\":\"https:\\\/\\\/www.genealogiapopek.pl\\\/#website\"},\"primaryImageOfPage\":{\"@id\":\"https:\\\/\\\/www.genealogiapopek.pl\\\/index.php\\\/nazwisko\\\/#primaryimage\"},\"image\":{\"@id\":\"https:\\\/\\\/www.genealogiapopek.pl\\\/index.php\\\/nazwisko\\\/#primaryimage\"},\"thumbnailUrl\":\"https:\\\/\\\/www.genealogiapopek.pl\\\/wp-content\\\/uploads\\\/2020\\\/08\\\/16686.png\",\"datePublished\":\"2020-08-26T17:30:27+00:00\",\"dateModified\":\"2020-12-06T19:20:49+00:00\",\"breadcrumb\":{\"@id\":\"https:\\\/\\\/www.genealogiapopek.pl\\\/index.php\\\/nazwisko\\\/#breadcrumb\"},\"inLanguage\":\"pl-PL\",\"potentialAction\":[{\"@type\":\"ReadAction\",\"target\":[\"https:\\\/\\\/www.genealogiapopek.pl\\\/index.php\\\/nazwisko\\\/\"]}]},{\"@type\":\"ImageObject\",\"inLanguage\":\"pl-PL\",\"@id\":\"https:\\\/\\\/www.genealogiapopek.pl\\\/index.php\\\/nazwisko\\\/#primaryimage\",\"url\":\"https:\\\/\\\/www.genealogiapopek.pl\\\/wp-content\\\/uploads\\\/2020\\\/08\\\/16686.png\",\"contentUrl\":\"https:\\\/\\\/www.genealogiapopek.pl\\\/wp-content\\\/uploads\\\/2020\\\/08\\\/16686.png\",\"width\":512,\"height\":512},{\"@type\":\"BreadcrumbList\",\"@id\":\"https:\\\/\\\/www.genealogiapopek.pl\\\/index.php\\\/nazwisko\\\/#breadcrumb\",\"itemListElement\":[{\"@type\":\"ListItem\",\"position\":1,\"name\":\"Strona g\u0142\u00f3wna\",\"item\":\"https:\\\/\\\/www.genealogiapopek.pl\\\/\"},{\"@type\":\"ListItem\",\"position\":2,\"name\":\"Nazwisko\"}]},{\"@type\":\"WebSite\",\"@id\":\"https:\\\/\\\/www.genealogiapopek.pl\\\/#website\",\"url\":\"https:\\\/\\\/www.genealogiapopek.pl\\\/\",\"name\":\"Genealogia Popek\",\"description\":\"&quot;Przestajemy istnie\u0107 kiedy popadamy w zapomnienie.&quot;\",\"publisher\":{\"@id\":\"https:\\\/\\\/www.genealogiapopek.pl\\\/#organization\"},\"potentialAction\":[{\"@type\":\"SearchAction\",\"target\":{\"@type\":\"EntryPoint\",\"urlTemplate\":\"https:\\\/\\\/www.genealogiapopek.pl\\\/?s={search_term_string}\"},\"query-input\":{\"@type\":\"PropertyValueSpecification\",\"valueRequired\":true,\"valueName\":\"search_term_string\"}}],\"inLanguage\":\"pl-PL\"},{\"@type\":\"Organization\",\"@id\":\"https:\\\/\\\/www.genealogiapopek.pl\\\/#organization\",\"name\":\"Genealogia Popek\",\"url\":\"https:\\\/\\\/www.genealogiapopek.pl\\\/\",\"logo\":{\"@type\":\"ImageObject\",\"inLanguage\":\"pl-PL\",\"@id\":\"https:\\\/\\\/www.genealogiapopek.pl\\\/#\\\/schema\\\/logo\\\/image\\\/\",\"url\":\"https:\\\/\\\/www.genealogiapopek.pl\\\/wp-content\\\/uploads\\\/2025\\\/12\\\/logo-prostokat-www.jpg\",\"contentUrl\":\"https:\\\/\\\/www.genealogiapopek.pl\\\/wp-content\\\/uploads\\\/2025\\\/12\\\/logo-prostokat-www.jpg\",\"width\":1095,\"height\":491,\"caption\":\"Genealogia Popek\"},\"image\":{\"@id\":\"https:\\\/\\\/www.genealogiapopek.pl\\\/#\\\/schema\\\/logo\\\/image\\\/\"}}]}<\/script>\n<!-- \/ Yoast SEO plugin. -->","yoast_head_json":{"title":"Nazwisko - Genealogia Popek","robots":{"index":"index","follow":"follow","max-snippet":"max-snippet:-1","max-image-preview":"max-image-preview:large","max-video-preview":"max-video-preview:-1"},"canonical":"https:\/\/www.genealogiapopek.pl\/index.php\/nazwisko\/","og_locale":"pl_PL","og_type":"article","og_title":"Nazwisko - Genealogia Popek","og_url":"https:\/\/www.genealogiapopek.pl\/index.php\/nazwisko\/","og_site_name":"Genealogia Popek","article_modified_time":"2020-12-06T19:20:49+00:00","og_image":[{"width":512,"height":512,"url":"https:\/\/www.genealogiapopek.pl\/wp-content\/uploads\/2020\/08\/16686.png","type":"image\/png"}],"twitter_card":"summary_large_image","schema":{"@context":"https:\/\/schema.org","@graph":[{"@type":"WebPage","@id":"https:\/\/www.genealogiapopek.pl\/index.php\/nazwisko\/","url":"https:\/\/www.genealogiapopek.pl\/index.php\/nazwisko\/","name":"Nazwisko - Genealogia Popek","isPartOf":{"@id":"https:\/\/www.genealogiapopek.pl\/#website"},"primaryImageOfPage":{"@id":"https:\/\/www.genealogiapopek.pl\/index.php\/nazwisko\/#primaryimage"},"image":{"@id":"https:\/\/www.genealogiapopek.pl\/index.php\/nazwisko\/#primaryimage"},"thumbnailUrl":"https:\/\/www.genealogiapopek.pl\/wp-content\/uploads\/2020\/08\/16686.png","datePublished":"2020-08-26T17:30:27+00:00","dateModified":"2020-12-06T19:20:49+00:00","breadcrumb":{"@id":"https:\/\/www.genealogiapopek.pl\/index.php\/nazwisko\/#breadcrumb"},"inLanguage":"pl-PL","potentialAction":[{"@type":"ReadAction","target":["https:\/\/www.genealogiapopek.pl\/index.php\/nazwisko\/"]}]},{"@type":"ImageObject","inLanguage":"pl-PL","@id":"https:\/\/www.genealogiapopek.pl\/index.php\/nazwisko\/#primaryimage","url":"https:\/\/www.genealogiapopek.pl\/wp-content\/uploads\/2020\/08\/16686.png","contentUrl":"https:\/\/www.genealogiapopek.pl\/wp-content\/uploads\/2020\/08\/16686.png","width":512,"height":512},{"@type":"BreadcrumbList","@id":"https:\/\/www.genealogiapopek.pl\/index.php\/nazwisko\/#breadcrumb","itemListElement":[{"@type":"ListItem","position":1,"name":"Strona g\u0142\u00f3wna","item":"https:\/\/www.genealogiapopek.pl\/"},{"@type":"ListItem","position":2,"name":"Nazwisko"}]},{"@type":"WebSite","@id":"https:\/\/www.genealogiapopek.pl\/#website","url":"https:\/\/www.genealogiapopek.pl\/","name":"Genealogia Popek","description":"&quot;Przestajemy istnie\u0107 kiedy popadamy w zapomnienie.&quot;","publisher":{"@id":"https:\/\/www.genealogiapopek.pl\/#organization"},"potentialAction":[{"@type":"SearchAction","target":{"@type":"EntryPoint","urlTemplate":"https:\/\/www.genealogiapopek.pl\/?s={search_term_string}"},"query-input":{"@type":"PropertyValueSpecification","valueRequired":true,"valueName":"search_term_string"}}],"inLanguage":"pl-PL"},{"@type":"Organization","@id":"https:\/\/www.genealogiapopek.pl\/#organization","name":"Genealogia Popek","url":"https:\/\/www.genealogiapopek.pl\/","logo":{"@type":"ImageObject","inLanguage":"pl-PL","@id":"https:\/\/www.genealogiapopek.pl\/#\/schema\/logo\/image\/","url":"https:\/\/www.genealogiapopek.pl\/wp-content\/uploads\/2025\/12\/logo-prostokat-www.jpg","contentUrl":"https:\/\/www.genealogiapopek.pl\/wp-content\/uploads\/2025\/12\/logo-prostokat-www.jpg","width":1095,"height":491,"caption":"Genealogia Popek"},"image":{"@id":"https:\/\/www.genealogiapopek.pl\/#\/schema\/logo\/image\/"}}]}},"_links":{"self":[{"href":"https:\/\/www.genealogiapopek.pl\/index.php\/wp-json\/wp\/v2\/pages\/72","targetHints":{"allow":["GET"]}}],"collection":[{"href":"https:\/\/www.genealogiapopek.pl\/index.php\/wp-json\/wp\/v2\/pages"}],"about":[{"href":"https:\/\/www.genealogiapopek.pl\/index.php\/wp-json\/wp\/v2\/types\/page"}],"author":[{"embeddable":true,"href":"https:\/\/www.genealogiapopek.pl\/index.php\/wp-json\/wp\/v2\/users\/1"}],"replies":[{"embeddable":true,"href":"https:\/\/www.genealogiapopek.pl\/index.php\/wp-json\/wp\/v2\/comments?post=72"}],"version-history":[{"count":4,"href":"https:\/\/www.genealogiapopek.pl\/index.php\/wp-json\/wp\/v2\/pages\/72\/revisions"}],"predecessor-version":[{"id":227,"href":"https:\/\/www.genealogiapopek.pl\/index.php\/wp-json\/wp\/v2\/pages\/72\/revisions\/227"}],"wp:attachment":[{"href":"https:\/\/www.genealogiapopek.pl\/index.php\/wp-json\/wp\/v2\/media?parent=72"}],"curies":[{"name":"wp","href":"https:\/\/api.w.org\/{rel}","templated":true}]}}