{"id":76,"date":"2020-08-26T17:35:08","date_gmt":"2020-08-26T17:35:08","guid":{"rendered":"https:\/\/www.genealogiapopek.pl\/?page_id=76"},"modified":"2020-12-12T17:32:31","modified_gmt":"2020-12-12T17:32:31","slug":"podziekowania","status":"publish","type":"page","link":"https:\/\/www.genealogiapopek.pl\/index.php\/podziekowania\/","title":{"rendered":"Podzi\u0119kowania"},"content":{"rendered":"\n<p>W tym miejscu pragn\u0119 podzi\u0119kowa\u0107 wszystkim tym, kt\u00f3rzy po\u015bwi\u0119cili sw\u00f3j cenny czas i nie przeszli oboj\u0119tnie na pro\u015bby zwi\u0105zane z uzupe\u0142nieniem wiedzy na temat przodk\u00f3w.<\/p>\n\n\n\n<p><strong>Rodziny Popek:<\/strong><\/p>\n\n\n\n<p>Marian Popek<br>Janina Nagibauer<br>Daniela Kuraj<br>Barbara Wr\u00f3blewska<br>Krystyna Nowak<br>Stanis\u0142aw Popek<br>ks. Rafa\u0142 Gudwa\u0144ski<br>Mateusz Kolano<br>J\u00f3zef Popek<\/p>\n\n\n\n<p><strong>Rodziny Dulewskich:<\/strong><\/p>\n\n\n\n<p>Irena Dulewska<br>Stanis\u0142awa Ko\u0142ton<\/p>\n\n\n\n<p><strong>Rodziny Ko\u0142ton:<\/strong><\/p>\n\n\n\n<p>Damian Kremblewski<\/p>\n\n\n\n<p><strong>Rodziny Reda:<\/strong><\/p>\n\n\n\n<p>Teresa Popek<br>Jolanta Czajkowska<br>Henryka Chojnacka<\/p>\n\n\n\n<p><strong>Rodziny Urbaniak:<\/strong><\/p>\n\n\n\n<p>Apolonia Urbaniak<br>Jolanta Popek<\/p>\n\n\n\n<p><strong>Rodziny Laskowskich:<\/strong><\/p>\n\n\n\n<p>Bogdan Laskowski<\/p>\n\n\n\n<p><strong>Rodziny Grabi\u0144skich:<\/strong><\/p>\n\n\n\n<p>Janina Kowalczyk<\/p>\n\n\n\n<p><strong>Rodziny Miecznikowskich:<\/strong><\/p>\n\n\n\n<p>Marianna Roma\u0144ska<\/p>\n","protected":false},"excerpt":{"rendered":"<p>W tym miejscu pragn\u0119 podzi\u0119kowa\u0107 wszystkim tym, kt\u00f3rzy po\u015bwi\u0119cili sw\u00f3j cenny czas i nie przeszli oboj\u0119tnie na pro\u015bby zwi\u0105zane z uzupe\u0142nieniem wiedzy na temat przodk\u00f3w. Rodziny Popek: Marian PopekJanina NagibauerDaniela KurajBarbara Wr\u00f3blewskaKrystyna NowakStanis\u0142aw Popekks. Rafa\u0142 Gudwa\u0144skiMateusz KolanoJ\u00f3zef Popek Rodziny Dulewskich: Irena DulewskaStanis\u0142awa Ko\u0142ton Rodziny Ko\u0142ton: Damian Kremblewski Rodziny Reda: Teresa PopekJolanta CzajkowskaHenryka Chojnacka Rodziny Urbaniak: [&hellip;]<\/p>\n","protected":false},"author":1,"featured_media":0,"parent":0,"menu_order":0,"comment_status":"closed","ping_status":"closed","template":"","meta":{"_monsterinsights_skip_tracking":false,"_monsterinsights_sitenote_active":false,"_monsterinsights_sitenote_note":"","_monsterinsights_sitenote_category":0,"_uf_show_specific_survey":0,"_uf_disable_surveys":false,"ngg_post_thumbnail":0,"footnotes":""},"class_list":["post-76","page","type-page","status-publish","hentry"],"aioseo_notices":[],"yoast_head":"<!-- This site is optimized with the Yoast SEO plugin v27.5 - https:\/\/yoast.com\/product\/yoast-seo-wordpress\/ -->\n<title>Podzi\u0119kowania - Genealogia Popek<\/title>\n<meta name=\"robots\" content=\"index, follow, max-snippet:-1, max-image-preview:large, max-video-preview:-1\" \/>\n<link rel=\"canonical\" href=\"https:\/\/www.genealogiapopek.pl\/index.php\/podziekowania\/\" \/>\n<meta property=\"og:locale\" content=\"pl_PL\" \/>\n<meta property=\"og:type\" content=\"article\" \/>\n<meta property=\"og:title\" content=\"Podzi\u0119kowania - Genealogia Popek\" \/>\n<meta property=\"og:description\" content=\"W tym miejscu pragn\u0119 podzi\u0119kowa\u0107 wszystkim tym, kt\u00f3rzy po\u015bwi\u0119cili sw\u00f3j cenny czas i nie przeszli oboj\u0119tnie na pro\u015bby zwi\u0105zane z uzupe\u0142nieniem wiedzy na temat przodk\u00f3w. Rodziny Popek: Marian PopekJanina NagibauerDaniela KurajBarbara Wr\u00f3blewskaKrystyna NowakStanis\u0142aw Popekks. Rafa\u0142 Gudwa\u0144skiMateusz KolanoJ\u00f3zef Popek Rodziny Dulewskich: Irena DulewskaStanis\u0142awa Ko\u0142ton Rodziny Ko\u0142ton: Damian Kremblewski Rodziny Reda: Teresa PopekJolanta CzajkowskaHenryka Chojnacka Rodziny Urbaniak: [&hellip;]\" \/>\n<meta property=\"og:url\" content=\"https:\/\/www.genealogiapopek.pl\/index.php\/podziekowania\/\" \/>\n<meta property=\"og:site_name\" content=\"Genealogia Popek\" \/>\n<meta property=\"article:modified_time\" content=\"2020-12-12T17:32:31+00:00\" \/>\n<meta name=\"twitter:card\" content=\"summary_large_image\" \/>\n<script type=\"application\/ld+json\" class=\"yoast-schema-graph\">{\"@context\":\"https:\\\/\\\/schema.org\",\"@graph\":[{\"@type\":\"WebPage\",\"@id\":\"https:\\\/\\\/www.genealogiapopek.pl\\\/index.php\\\/podziekowania\\\/\",\"url\":\"https:\\\/\\\/www.genealogiapopek.pl\\\/index.php\\\/podziekowania\\\/\",\"name\":\"Podzi\u0119kowania - Genealogia Popek\",\"isPartOf\":{\"@id\":\"https:\\\/\\\/www.genealogiapopek.pl\\\/#website\"},\"datePublished\":\"2020-08-26T17:35:08+00:00\",\"dateModified\":\"2020-12-12T17:32:31+00:00\",\"breadcrumb\":{\"@id\":\"https:\\\/\\\/www.genealogiapopek.pl\\\/index.php\\\/podziekowania\\\/#breadcrumb\"},\"inLanguage\":\"pl-PL\",\"potentialAction\":[{\"@type\":\"ReadAction\",\"target\":[\"https:\\\/\\\/www.genealogiapopek.pl\\\/index.php\\\/podziekowania\\\/\"]}]},{\"@type\":\"BreadcrumbList\",\"@id\":\"https:\\\/\\\/www.genealogiapopek.pl\\\/index.php\\\/podziekowania\\\/#breadcrumb\",\"itemListElement\":[{\"@type\":\"ListItem\",\"position\":1,\"name\":\"Strona g\u0142\u00f3wna\",\"item\":\"https:\\\/\\\/www.genealogiapopek.pl\\\/\"},{\"@type\":\"ListItem\",\"position\":2,\"name\":\"Podzi\u0119kowania\"}]},{\"@type\":\"WebSite\",\"@id\":\"https:\\\/\\\/www.genealogiapopek.pl\\\/#website\",\"url\":\"https:\\\/\\\/www.genealogiapopek.pl\\\/\",\"name\":\"Genealogia Popek\",\"description\":\"&quot;Przestajemy istnie\u0107 kiedy popadamy w zapomnienie.&quot;\",\"publisher\":{\"@id\":\"https:\\\/\\\/www.genealogiapopek.pl\\\/#organization\"},\"potentialAction\":[{\"@type\":\"SearchAction\",\"target\":{\"@type\":\"EntryPoint\",\"urlTemplate\":\"https:\\\/\\\/www.genealogiapopek.pl\\\/?s={search_term_string}\"},\"query-input\":{\"@type\":\"PropertyValueSpecification\",\"valueRequired\":true,\"valueName\":\"search_term_string\"}}],\"inLanguage\":\"pl-PL\"},{\"@type\":\"Organization\",\"@id\":\"https:\\\/\\\/www.genealogiapopek.pl\\\/#organization\",\"name\":\"Genealogia Popek\",\"url\":\"https:\\\/\\\/www.genealogiapopek.pl\\\/\",\"logo\":{\"@type\":\"ImageObject\",\"inLanguage\":\"pl-PL\",\"@id\":\"https:\\\/\\\/www.genealogiapopek.pl\\\/#\\\/schema\\\/logo\\\/image\\\/\",\"url\":\"https:\\\/\\\/www.genealogiapopek.pl\\\/wp-content\\\/uploads\\\/2025\\\/12\\\/logo-prostokat-www.jpg\",\"contentUrl\":\"https:\\\/\\\/www.genealogiapopek.pl\\\/wp-content\\\/uploads\\\/2025\\\/12\\\/logo-prostokat-www.jpg\",\"width\":1095,\"height\":491,\"caption\":\"Genealogia Popek\"},\"image\":{\"@id\":\"https:\\\/\\\/www.genealogiapopek.pl\\\/#\\\/schema\\\/logo\\\/image\\\/\"}}]}<\/script>\n<!-- \/ Yoast SEO plugin. -->","yoast_head_json":{"title":"Podzi\u0119kowania - Genealogia Popek","robots":{"index":"index","follow":"follow","max-snippet":"max-snippet:-1","max-image-preview":"max-image-preview:large","max-video-preview":"max-video-preview:-1"},"canonical":"https:\/\/www.genealogiapopek.pl\/index.php\/podziekowania\/","og_locale":"pl_PL","og_type":"article","og_title":"Podzi\u0119kowania - Genealogia Popek","og_description":"W tym miejscu pragn\u0119 podzi\u0119kowa\u0107 wszystkim tym, kt\u00f3rzy po\u015bwi\u0119cili sw\u00f3j cenny czas i nie przeszli oboj\u0119tnie na pro\u015bby zwi\u0105zane z uzupe\u0142nieniem wiedzy na temat przodk\u00f3w. Rodziny Popek: Marian PopekJanina NagibauerDaniela KurajBarbara Wr\u00f3blewskaKrystyna NowakStanis\u0142aw Popekks. Rafa\u0142 Gudwa\u0144skiMateusz KolanoJ\u00f3zef Popek Rodziny Dulewskich: Irena DulewskaStanis\u0142awa Ko\u0142ton Rodziny Ko\u0142ton: Damian Kremblewski Rodziny Reda: Teresa PopekJolanta CzajkowskaHenryka Chojnacka Rodziny Urbaniak: [&hellip;]","og_url":"https:\/\/www.genealogiapopek.pl\/index.php\/podziekowania\/","og_site_name":"Genealogia Popek","article_modified_time":"2020-12-12T17:32:31+00:00","twitter_card":"summary_large_image","schema":{"@context":"https:\/\/schema.org","@graph":[{"@type":"WebPage","@id":"https:\/\/www.genealogiapopek.pl\/index.php\/podziekowania\/","url":"https:\/\/www.genealogiapopek.pl\/index.php\/podziekowania\/","name":"Podzi\u0119kowania - Genealogia Popek","isPartOf":{"@id":"https:\/\/www.genealogiapopek.pl\/#website"},"datePublished":"2020-08-26T17:35:08+00:00","dateModified":"2020-12-12T17:32:31+00:00","breadcrumb":{"@id":"https:\/\/www.genealogiapopek.pl\/index.php\/podziekowania\/#breadcrumb"},"inLanguage":"pl-PL","potentialAction":[{"@type":"ReadAction","target":["https:\/\/www.genealogiapopek.pl\/index.php\/podziekowania\/"]}]},{"@type":"BreadcrumbList","@id":"https:\/\/www.genealogiapopek.pl\/index.php\/podziekowania\/#breadcrumb","itemListElement":[{"@type":"ListItem","position":1,"name":"Strona g\u0142\u00f3wna","item":"https:\/\/www.genealogiapopek.pl\/"},{"@type":"ListItem","position":2,"name":"Podzi\u0119kowania"}]},{"@type":"WebSite","@id":"https:\/\/www.genealogiapopek.pl\/#website","url":"https:\/\/www.genealogiapopek.pl\/","name":"Genealogia Popek","description":"&quot;Przestajemy istnie\u0107 kiedy popadamy w zapomnienie.&quot;","publisher":{"@id":"https:\/\/www.genealogiapopek.pl\/#organization"},"potentialAction":[{"@type":"SearchAction","target":{"@type":"EntryPoint","urlTemplate":"https:\/\/www.genealogiapopek.pl\/?s={search_term_string}"},"query-input":{"@type":"PropertyValueSpecification","valueRequired":true,"valueName":"search_term_string"}}],"inLanguage":"pl-PL"},{"@type":"Organization","@id":"https:\/\/www.genealogiapopek.pl\/#organization","name":"Genealogia Popek","url":"https:\/\/www.genealogiapopek.pl\/","logo":{"@type":"ImageObject","inLanguage":"pl-PL","@id":"https:\/\/www.genealogiapopek.pl\/#\/schema\/logo\/image\/","url":"https:\/\/www.genealogiapopek.pl\/wp-content\/uploads\/2025\/12\/logo-prostokat-www.jpg","contentUrl":"https:\/\/www.genealogiapopek.pl\/wp-content\/uploads\/2025\/12\/logo-prostokat-www.jpg","width":1095,"height":491,"caption":"Genealogia Popek"},"image":{"@id":"https:\/\/www.genealogiapopek.pl\/#\/schema\/logo\/image\/"}}]}},"_links":{"self":[{"href":"https:\/\/www.genealogiapopek.pl\/index.php\/wp-json\/wp\/v2\/pages\/76","targetHints":{"allow":["GET"]}}],"collection":[{"href":"https:\/\/www.genealogiapopek.pl\/index.php\/wp-json\/wp\/v2\/pages"}],"about":[{"href":"https:\/\/www.genealogiapopek.pl\/index.php\/wp-json\/wp\/v2\/types\/page"}],"author":[{"embeddable":true,"href":"https:\/\/www.genealogiapopek.pl\/index.php\/wp-json\/wp\/v2\/users\/1"}],"replies":[{"embeddable":true,"href":"https:\/\/www.genealogiapopek.pl\/index.php\/wp-json\/wp\/v2\/comments?post=76"}],"version-history":[{"count":6,"href":"https:\/\/www.genealogiapopek.pl\/index.php\/wp-json\/wp\/v2\/pages\/76\/revisions"}],"predecessor-version":[{"id":275,"href":"https:\/\/www.genealogiapopek.pl\/index.php\/wp-json\/wp\/v2\/pages\/76\/revisions\/275"}],"wp:attachment":[{"href":"https:\/\/www.genealogiapopek.pl\/index.php\/wp-json\/wp\/v2\/media?parent=76"}],"curies":[{"name":"wp","href":"https:\/\/api.w.org\/{rel}","templated":true}]}}